{"id":1523,"date":"2021-07-20T08:46:39","date_gmt":"2021-07-20T13:46:39","guid":{"rendered":"https:\/\/healinequilibrium.com\/?page_id=1523"},"modified":"2023-03-26T14:49:32","modified_gmt":"2023-03-26T20:49:32","slug":"relax-program-2","status":"publish","type":"page","link":"https:\/\/healinequilibrium.com\/es\/relax-program-2\/","title":{"rendered":"Programa Relajaci\u00f3n"},"content":{"rendered":"<div class=\"wp-block-cover alignfull is-light\" style=\"min-height:800px;aspect-ratio:unset;\"><span aria-hidden=\"true\" class=\"wp-block-cover__background has-background-dim-30 has-background-dim\"><\/span><img data-recalc-dims=\"1\" decoding=\"async\" width=\"1800\" height=\"1200\" loading=\"lazy\" class=\"wp-block-cover__image-background wp-image-1528\" alt=\"Relax in Equilibrium Resort with our spa services\" src=\"https:\/\/i0.wp.com\/healinequilibrium.com\/wp-content\/uploads\/2021\/07\/goal-relax.jpg?resize=1800%2C1200&#038;ssl=1\" data-object-fit=\"cover\" srcset=\"https:\/\/i0.wp.com\/healinequilibrium.com\/wp-content\/uploads\/2021\/07\/goal-relax.jpg?w=1800&amp;ssl=1 1800w, https:\/\/i0.wp.com\/healinequilibrium.com\/wp-content\/uploads\/2021\/07\/goal-relax.jpg?resize=500%2C333&amp;ssl=1 500w, https:\/\/i0.wp.com\/healinequilibrium.com\/wp-content\/uploads\/2021\/07\/goal-relax.jpg?resize=700%2C467&amp;ssl=1 700w, https:\/\/i0.wp.com\/healinequilibrium.com\/wp-content\/uploads\/2021\/07\/goal-relax.jpg?resize=300%2C200&amp;ssl=1 300w, https:\/\/i0.wp.com\/healinequilibrium.com\/wp-content\/uploads\/2021\/07\/goal-relax.jpg?resize=1024%2C683&amp;ssl=1 1024w, https:\/\/i0.wp.com\/healinequilibrium.com\/wp-content\/uploads\/2021\/07\/goal-relax.jpg?resize=768%2C512&amp;ssl=1 768w, https:\/\/i0.wp.com\/healinequilibrium.com\/wp-content\/uploads\/2021\/07\/goal-relax.jpg?resize=1536%2C1024&amp;ssl=1 1536w, https:\/\/i0.wp.com\/healinequilibrium.com\/wp-content\/uploads\/2021\/07\/goal-relax.jpg?resize=200%2C133&amp;ssl=1 200w, https:\/\/i0.wp.com\/healinequilibrium.com\/wp-content\/uploads\/2021\/07\/goal-relax.jpg?resize=400%2C267&amp;ssl=1 400w, https:\/\/i0.wp.com\/healinequilibrium.com\/wp-content\/uploads\/2021\/07\/goal-relax.jpg?resize=600%2C400&amp;ssl=1 600w, https:\/\/i0.wp.com\/healinequilibrium.com\/wp-content\/uploads\/2021\/07\/goal-relax.jpg?resize=800%2C533&amp;ssl=1 800w, https:\/\/i0.wp.com\/healinequilibrium.com\/wp-content\/uploads\/2021\/07\/goal-relax.jpg?resize=1200%2C800&amp;ssl=1 1200w\" sizes=\"auto, (max-width: 1000px) 100vw, 1000px\" \/><div class=\"wp-block-cover__inner-container is-layout-flow wp-block-cover-is-layout-flow\">\n<p class=\"sub whi\">PROGRAMA DE RELAJACI\u00d3N<\/p>\n<\/div><\/div>\n\n\n\n<p class=\"box\">Bien lo dicen los Italianos \u201cDolce far niente\u201d; - \u201cla escencia de no hacer nada\u201d. Rompe la rutina y date un merecido descanso y un momento para estar presente. Equilibrium te ofrece un espacio \u00edntimo ideal para ser apapachado, desconectarte y relajarte.<\/p>\n\n\n\n<div style=\"height:100px\" aria-hidden=\"true\" class=\"wp-block-spacer\"><\/div>\n\n\n\n<div class=\"wp-block-columns are-vertically-aligned-center is-layout-flex wp-container-core-columns-is-layout-9d6595d7 wp-block-columns-is-layout-flex\">\n<div class=\"wp-block-column is-vertically-aligned-center is-layout-flow wp-block-column-is-layout-flow\">\n<p class=\"sub\">El m\u00e9todo<\/p>\n\n\n\n<p class=\"box\">Nuestras experiencias de sanaci\u00f3n son derivadas de la medicina ancestral con un acercamiento cient\u00edfico moderno. Los programas personalizados de Equilibrium han sido creados para satisfacer tus necesidades espec\u00edficas logrando un equilibrio mental, f\u00edsico y bienestar espiritual.<\/p>\n<\/div>\n\n\n\n<div class=\"wp-block-column is-vertically-aligned-center is-layout-flow wp-block-column-is-layout-flow\">\n<figure class=\"wp-block-image size-large\"><img data-recalc-dims=\"1\" decoding=\"async\" width=\"1024\" height=\"683\" loading=\"lazy\" src=\"https:\/\/i0.wp.com\/healinequilibrium.com\/wp-content\/uploads\/2021\/07\/wellness-relax.jpg?resize=1024%2C683&#038;ssl=1\" alt=\"Equilibrium Healing Resort\" class=\"wp-image-1729\" srcset=\"https:\/\/i0.wp.com\/healinequilibrium.com\/wp-content\/uploads\/2021\/07\/wellness-relax.jpg?resize=1024%2C683&amp;ssl=1 1024w, https:\/\/i0.wp.com\/healinequilibrium.com\/wp-content\/uploads\/2021\/07\/wellness-relax.jpg?resize=500%2C333&amp;ssl=1 500w, https:\/\/i0.wp.com\/healinequilibrium.com\/wp-content\/uploads\/2021\/07\/wellness-relax.jpg?resize=700%2C467&amp;ssl=1 700w, https:\/\/i0.wp.com\/healinequilibrium.com\/wp-content\/uploads\/2021\/07\/wellness-relax.jpg?resize=300%2C200&amp;ssl=1 300w, https:\/\/i0.wp.com\/healinequilibrium.com\/wp-content\/uploads\/2021\/07\/wellness-relax.jpg?resize=768%2C512&amp;ssl=1 768w, https:\/\/i0.wp.com\/healinequilibrium.com\/wp-content\/uploads\/2021\/07\/wellness-relax.jpg?resize=1536%2C1024&amp;ssl=1 1536w, https:\/\/i0.wp.com\/healinequilibrium.com\/wp-content\/uploads\/2021\/07\/wellness-relax.jpg?resize=200%2C133&amp;ssl=1 200w, https:\/\/i0.wp.com\/healinequilibrium.com\/wp-content\/uploads\/2021\/07\/wellness-relax.jpg?resize=400%2C267&amp;ssl=1 400w, https:\/\/i0.wp.com\/healinequilibrium.com\/wp-content\/uploads\/2021\/07\/wellness-relax.jpg?resize=600%2C400&amp;ssl=1 600w, https:\/\/i0.wp.com\/healinequilibrium.com\/wp-content\/uploads\/2021\/07\/wellness-relax.jpg?resize=800%2C533&amp;ssl=1 800w, https:\/\/i0.wp.com\/healinequilibrium.com\/wp-content\/uploads\/2021\/07\/wellness-relax.jpg?resize=1200%2C800&amp;ssl=1 1200w, https:\/\/i0.wp.com\/healinequilibrium.com\/wp-content\/uploads\/2021\/07\/wellness-relax.jpg?w=1800&amp;ssl=1 1800w\" sizes=\"auto, (max-width: 1000px) 100vw, 1000px\" \/><\/figure>\n<\/div>\n<\/div>\n\n\n\n<div style=\"height:100px\" aria-hidden=\"true\" class=\"wp-block-spacer\"><\/div>\n\n\n\n<div class=\"wp-block-columns are-vertically-aligned-center is-layout-flex wp-container-core-columns-is-layout-9d6595d7 wp-block-columns-is-layout-flex\">\n<div class=\"wp-block-column is-vertically-aligned-center is-layout-flow wp-block-column-is-layout-flow\">\n<figure class=\"wp-block-image size-large\"><img data-recalc-dims=\"1\" decoding=\"async\" width=\"1024\" height=\"683\" loading=\"lazy\" src=\"https:\/\/i0.wp.com\/healinequilibrium.com\/wp-content\/uploads\/2021\/07\/relax-method.jpg?resize=1024%2C683&#038;ssl=1\" alt=\"Relax Program in Equilibrium Resort\" class=\"wp-image-1527\" srcset=\"https:\/\/i0.wp.com\/healinequilibrium.com\/wp-content\/uploads\/2021\/07\/relax-method.jpg?resize=1024%2C683&amp;ssl=1 1024w, https:\/\/i0.wp.com\/healinequilibrium.com\/wp-content\/uploads\/2021\/07\/relax-method.jpg?resize=500%2C333&amp;ssl=1 500w, https:\/\/i0.wp.com\/healinequilibrium.com\/wp-content\/uploads\/2021\/07\/relax-method.jpg?resize=700%2C467&amp;ssl=1 700w, https:\/\/i0.wp.com\/healinequilibrium.com\/wp-content\/uploads\/2021\/07\/relax-method.jpg?resize=300%2C200&amp;ssl=1 300w, https:\/\/i0.wp.com\/healinequilibrium.com\/wp-content\/uploads\/2021\/07\/relax-method.jpg?resize=768%2C512&amp;ssl=1 768w, https:\/\/i0.wp.com\/healinequilibrium.com\/wp-content\/uploads\/2021\/07\/relax-method.jpg?resize=1536%2C1024&amp;ssl=1 1536w, https:\/\/i0.wp.com\/healinequilibrium.com\/wp-content\/uploads\/2021\/07\/relax-method.jpg?resize=200%2C133&amp;ssl=1 200w, https:\/\/i0.wp.com\/healinequilibrium.com\/wp-content\/uploads\/2021\/07\/relax-method.jpg?resize=400%2C267&amp;ssl=1 400w, https:\/\/i0.wp.com\/healinequilibrium.com\/wp-content\/uploads\/2021\/07\/relax-method.jpg?resize=600%2C400&amp;ssl=1 600w, https:\/\/i0.wp.com\/healinequilibrium.com\/wp-content\/uploads\/2021\/07\/relax-method.jpg?resize=800%2C533&amp;ssl=1 800w, https:\/\/i0.wp.com\/healinequilibrium.com\/wp-content\/uploads\/2021\/07\/relax-method.jpg?resize=1200%2C800&amp;ssl=1 1200w, https:\/\/i0.wp.com\/healinequilibrium.com\/wp-content\/uploads\/2021\/07\/relax-method.jpg?w=1800&amp;ssl=1 1800w\" sizes=\"auto, (max-width: 1000px) 100vw, 1000px\" \/><\/figure>\n<\/div>\n\n\n\n<div class=\"wp-block-column is-vertically-aligned-center over is-layout-flow wp-block-column-is-layout-flow\">\n<p class=\"sub\">METAS<\/p>\n\n\n\n<p class=\"box\">\u00a1Toma el control del derecho de incrementar tu tiempo de vida! Te sentir\u00e1s m\u00e1s feliz, energetizado y listo para tomar decisiones claras para tu vida.<\/p>\n<\/div>\n<\/div>\n\n\n\n<div style=\"height:100px\" aria-hidden=\"true\" class=\"wp-block-spacer\"><\/div>\n\n\n\n<div class=\"wp-block-columns are-vertically-aligned-center is-layout-flex wp-container-core-columns-is-layout-9d6595d7 wp-block-columns-is-layout-flex\">\n<div class=\"wp-block-column is-vertically-aligned-center is-layout-flow wp-block-column-is-layout-flow\">\n<p class=\"sub\">Recomendado para<\/p>\n\n\n\n<p class=\"box\">Personas con itinerarios muy ocupados o un estilo de vida muy estresante y demandante. Para sanar traumas, agotamiento, o simplemente en busca de un lugar para conectar con la naturaleza y con tu ser. Tambi\u00e9n lo recomendamos para fortalecer relaciones (pareja, hermanos, amigos).<\/p>\n<\/div>\n\n\n\n<div class=\"wp-block-column is-vertically-aligned-center is-layout-flow wp-block-column-is-layout-flow\">\n<figure class=\"wp-block-image size-large\"><img data-recalc-dims=\"1\" decoding=\"async\" width=\"1024\" height=\"683\" loading=\"lazy\" src=\"https:\/\/i0.wp.com\/healinequilibrium.com\/wp-content\/uploads\/2021\/07\/recommended.jpg?resize=1024%2C683&#038;ssl=1\" alt=\"relax program\" class=\"wp-image-1530\" srcset=\"https:\/\/i0.wp.com\/healinequilibrium.com\/wp-content\/uploads\/2021\/07\/recommended.jpg?resize=1024%2C683&amp;ssl=1 1024w, https:\/\/i0.wp.com\/healinequilibrium.com\/wp-content\/uploads\/2021\/07\/recommended.jpg?resize=500%2C333&amp;ssl=1 500w, https:\/\/i0.wp.com\/healinequilibrium.com\/wp-content\/uploads\/2021\/07\/recommended.jpg?resize=700%2C467&amp;ssl=1 700w, https:\/\/i0.wp.com\/healinequilibrium.com\/wp-content\/uploads\/2021\/07\/recommended.jpg?resize=300%2C200&amp;ssl=1 300w, https:\/\/i0.wp.com\/healinequilibrium.com\/wp-content\/uploads\/2021\/07\/recommended.jpg?resize=768%2C512&amp;ssl=1 768w, https:\/\/i0.wp.com\/healinequilibrium.com\/wp-content\/uploads\/2021\/07\/recommended.jpg?resize=1536%2C1024&amp;ssl=1 1536w, https:\/\/i0.wp.com\/healinequilibrium.com\/wp-content\/uploads\/2021\/07\/recommended.jpg?resize=200%2C133&amp;ssl=1 200w, https:\/\/i0.wp.com\/healinequilibrium.com\/wp-content\/uploads\/2021\/07\/recommended.jpg?resize=400%2C267&amp;ssl=1 400w, https:\/\/i0.wp.com\/healinequilibrium.com\/wp-content\/uploads\/2021\/07\/recommended.jpg?resize=600%2C400&amp;ssl=1 600w, https:\/\/i0.wp.com\/healinequilibrium.com\/wp-content\/uploads\/2021\/07\/recommended.jpg?resize=800%2C533&amp;ssl=1 800w, https:\/\/i0.wp.com\/healinequilibrium.com\/wp-content\/uploads\/2021\/07\/recommended.jpg?resize=1200%2C800&amp;ssl=1 1200w, https:\/\/i0.wp.com\/healinequilibrium.com\/wp-content\/uploads\/2021\/07\/recommended.jpg?w=1800&amp;ssl=1 1800w\" sizes=\"auto, (max-width: 1000px) 100vw, 1000px\" \/><\/figure>\n<\/div>\n<\/div>","protected":false},"excerpt":{"rendered":"<p>The Italians say it best: \u201cDolce far niente\u201d \u2013 the essence of doing nothing. Take a much needed break from your routine and allow a moment to just be present.&hellip;<\/p>","protected":false},"author":2,"featured_media":0,"parent":0,"menu_order":0,"comment_status":"closed","ping_status":"closed","template":"","meta":{"nf_dc_page":"","footnotes":""},"class_list":["post-1523","page","type-page","status-publish","hentry"],"jetpack_sharing_enabled":true,"_links":{"self":[{"href":"https:\/\/healinequilibrium.com\/es\/wp-json\/wp\/v2\/pages\/1523","targetHints":{"allow":["GET"]}}],"collection":[{"href":"https:\/\/healinequilibrium.com\/es\/wp-json\/wp\/v2\/pages"}],"about":[{"href":"https:\/\/healinequilibrium.com\/es\/wp-json\/wp\/v2\/types\/page"}],"author":[{"embeddable":true,"href":"https:\/\/healinequilibrium.com\/es\/wp-json\/wp\/v2\/users\/2"}],"replies":[{"embeddable":true,"href":"https:\/\/healinequilibrium.com\/es\/wp-json\/wp\/v2\/comments?post=1523"}],"version-history":[{"count":4,"href":"https:\/\/healinequilibrium.com\/es\/wp-json\/wp\/v2\/pages\/1523\/revisions"}],"predecessor-version":[{"id":2977,"href":"https:\/\/healinequilibrium.com\/es\/wp-json\/wp\/v2\/pages\/1523\/revisions\/2977"}],"wp:attachment":[{"href":"https:\/\/healinequilibrium.com\/es\/wp-json\/wp\/v2\/media?parent=1523"}],"curies":[{"name":"wp","href":"https:\/\/api.w.org\/{rel}","templated":true}]}}