{"id":1540,"date":"2021-07-20T12:23:13","date_gmt":"2021-07-20T17:23:13","guid":{"rendered":"https:\/\/healinequilibrium.com\/?page_id=1540"},"modified":"2023-03-26T14:48:52","modified_gmt":"2023-03-26T20:48:52","slug":"full-reset-program","status":"publish","type":"page","link":"https:\/\/healinequilibrium.com\/es\/full-reset-program\/","title":{"rendered":"Full Reset Program"},"content":{"rendered":"<div class=\"wp-block-cover alignfull is-light\" style=\"min-height:800px;aspect-ratio:unset;\"><span aria-hidden=\"true\" class=\"wp-block-cover__background has-background-dim-30 has-background-dim\"><\/span><img data-recalc-dims=\"1\" decoding=\"async\" width=\"1800\" height=\"1200\" loading=\"lazy\" class=\"wp-block-cover__image-background wp-image-1532\" alt=\"Energize program in healing resort\" src=\"https:\/\/i0.wp.com\/healinequilibrium.com\/wp-content\/uploads\/2021\/07\/energize-with-us.jpg?resize=1800%2C1200&#038;ssl=1\" style=\"object-position:53% 25%\" data-object-fit=\"cover\" data-object-position=\"53% 25%\" srcset=\"https:\/\/i0.wp.com\/healinequilibrium.com\/wp-content\/uploads\/2021\/07\/energize-with-us.jpg?w=1800&amp;ssl=1 1800w, https:\/\/i0.wp.com\/healinequilibrium.com\/wp-content\/uploads\/2021\/07\/energize-with-us.jpg?resize=500%2C333&amp;ssl=1 500w, https:\/\/i0.wp.com\/healinequilibrium.com\/wp-content\/uploads\/2021\/07\/energize-with-us.jpg?resize=700%2C467&amp;ssl=1 700w, https:\/\/i0.wp.com\/healinequilibrium.com\/wp-content\/uploads\/2021\/07\/energize-with-us.jpg?resize=300%2C200&amp;ssl=1 300w, https:\/\/i0.wp.com\/healinequilibrium.com\/wp-content\/uploads\/2021\/07\/energize-with-us.jpg?resize=1024%2C683&amp;ssl=1 1024w, https:\/\/i0.wp.com\/healinequilibrium.com\/wp-content\/uploads\/2021\/07\/energize-with-us.jpg?resize=768%2C512&amp;ssl=1 768w, https:\/\/i0.wp.com\/healinequilibrium.com\/wp-content\/uploads\/2021\/07\/energize-with-us.jpg?resize=1536%2C1024&amp;ssl=1 1536w, https:\/\/i0.wp.com\/healinequilibrium.com\/wp-content\/uploads\/2021\/07\/energize-with-us.jpg?resize=200%2C133&amp;ssl=1 200w, https:\/\/i0.wp.com\/healinequilibrium.com\/wp-content\/uploads\/2021\/07\/energize-with-us.jpg?resize=400%2C267&amp;ssl=1 400w, https:\/\/i0.wp.com\/healinequilibrium.com\/wp-content\/uploads\/2021\/07\/energize-with-us.jpg?resize=600%2C400&amp;ssl=1 600w, https:\/\/i0.wp.com\/healinequilibrium.com\/wp-content\/uploads\/2021\/07\/energize-with-us.jpg?resize=800%2C533&amp;ssl=1 800w, https:\/\/i0.wp.com\/healinequilibrium.com\/wp-content\/uploads\/2021\/07\/energize-with-us.jpg?resize=1200%2C800&amp;ssl=1 1200w\" sizes=\"auto, (max-width: 1000px) 100vw, 1000px\" \/><div class=\"wp-block-cover__inner-container is-layout-flow wp-block-cover-is-layout-flow\">\n<p class=\"sub whi\">FULL RESET PROGRAM<\/p>\n<\/div><\/div>\n\n\n\n<p class=\"box\">Hay muchas razones por las que estamos bajos de vitalidad. Esta es la oportunidad perfecta para encontrar el origen de tu carencia energ\u00e9tica. Este programa recargar\u00e1 tus bater\u00edas, rejuvenecer\u00e1 tus sentidos y te ayudar\u00e1 a convertirte en la mejor versi\u00f3n de ti mismo. \u00a1Ven y resetea con nosotros!<\/p>\n\n\n\n<div style=\"height:100px\" aria-hidden=\"true\" class=\"wp-block-spacer\"><\/div>\n\n\n\n<div class=\"wp-block-columns are-vertically-aligned-center is-layout-flex wp-container-core-columns-is-layout-9d6595d7 wp-block-columns-is-layout-flex\">\n<div class=\"wp-block-column is-vertically-aligned-center is-layout-flow wp-block-column-is-layout-flow\">\n<p class=\"sub\">El m\u00e9todo<\/p>\n\n\n\n<p class=\"box\">Lograr\u00e1s niveles profundos de relajaci\u00f3n a trav\u00e9s de una secuencia de terapias naturales que:<\/p>\n\n\n\n<ul class=\"wp-block-list\">\n<li>Alcalinizar\u00e1n tu cuerpo<\/li>\n\n\n\n<li>Limpiar\u00e1n tus canales energ\u00e9ticos<\/li>\n\n\n\n<li>Mover\u00e1n la fascia<\/li>\n\n\n\n<li>Eliminar\u00e1s excesos de adrenalina<\/li>\n<\/ul>\n<\/div>\n\n\n\n<div class=\"wp-block-column is-vertically-aligned-center is-layout-flow wp-block-column-is-layout-flow\">\n<figure class=\"wp-block-image size-large\"><img data-recalc-dims=\"1\" decoding=\"async\" width=\"1024\" height=\"683\" loading=\"lazy\" src=\"https:\/\/i0.wp.com\/healinequilibrium.com\/wp-content\/uploads\/2021\/07\/wellness-energize-1024x683.jpg?resize=1024%2C683&#038;ssl=1\" alt=\"Healing Resort\" class=\"wp-image-1733\" srcset=\"https:\/\/i0.wp.com\/healinequilibrium.com\/wp-content\/uploads\/2021\/07\/wellness-energize.jpg?resize=1024%2C683&amp;ssl=1 1024w, https:\/\/i0.wp.com\/healinequilibrium.com\/wp-content\/uploads\/2021\/07\/wellness-energize.jpg?resize=500%2C333&amp;ssl=1 500w, https:\/\/i0.wp.com\/healinequilibrium.com\/wp-content\/uploads\/2021\/07\/wellness-energize.jpg?resize=700%2C467&amp;ssl=1 700w, https:\/\/i0.wp.com\/healinequilibrium.com\/wp-content\/uploads\/2021\/07\/wellness-energize.jpg?resize=300%2C200&amp;ssl=1 300w, https:\/\/i0.wp.com\/healinequilibrium.com\/wp-content\/uploads\/2021\/07\/wellness-energize.jpg?resize=768%2C512&amp;ssl=1 768w, https:\/\/i0.wp.com\/healinequilibrium.com\/wp-content\/uploads\/2021\/07\/wellness-energize.jpg?resize=1536%2C1024&amp;ssl=1 1536w, https:\/\/i0.wp.com\/healinequilibrium.com\/wp-content\/uploads\/2021\/07\/wellness-energize.jpg?resize=200%2C133&amp;ssl=1 200w, https:\/\/i0.wp.com\/healinequilibrium.com\/wp-content\/uploads\/2021\/07\/wellness-energize.jpg?resize=400%2C267&amp;ssl=1 400w, https:\/\/i0.wp.com\/healinequilibrium.com\/wp-content\/uploads\/2021\/07\/wellness-energize.jpg?resize=600%2C400&amp;ssl=1 600w, https:\/\/i0.wp.com\/healinequilibrium.com\/wp-content\/uploads\/2021\/07\/wellness-energize.jpg?resize=800%2C533&amp;ssl=1 800w, https:\/\/i0.wp.com\/healinequilibrium.com\/wp-content\/uploads\/2021\/07\/wellness-energize.jpg?resize=1200%2C800&amp;ssl=1 1200w, https:\/\/i0.wp.com\/healinequilibrium.com\/wp-content\/uploads\/2021\/07\/wellness-energize.jpg?w=1800&amp;ssl=1 1800w\" sizes=\"auto, (max-width: 1000px) 100vw, 1000px\" \/><\/figure>\n<\/div>\n<\/div>\n\n\n\n<div style=\"height:100px\" aria-hidden=\"true\" class=\"wp-block-spacer\"><\/div>\n\n\n\n<div class=\"wp-block-columns are-vertically-aligned-center is-layout-flex wp-container-core-columns-is-layout-9d6595d7 wp-block-columns-is-layout-flex\">\n<div class=\"wp-block-column is-vertically-aligned-center is-layout-flow wp-block-column-is-layout-flow\">\n<figure class=\"wp-block-image size-large\"><img data-recalc-dims=\"1\" decoding=\"async\" width=\"1024\" height=\"683\" loading=\"lazy\" src=\"https:\/\/i0.wp.com\/healinequilibrium.com\/wp-content\/uploads\/2021\/07\/energize-goal.jpg?resize=1024%2C683&#038;ssl=1\" alt=\"Energize program in healing resort\" class=\"wp-image-1545\" srcset=\"https:\/\/i0.wp.com\/healinequilibrium.com\/wp-content\/uploads\/2021\/07\/energize-goal.jpg?resize=1024%2C683&amp;ssl=1 1024w, https:\/\/i0.wp.com\/healinequilibrium.com\/wp-content\/uploads\/2021\/07\/energize-goal.jpg?resize=500%2C333&amp;ssl=1 500w, https:\/\/i0.wp.com\/healinequilibrium.com\/wp-content\/uploads\/2021\/07\/energize-goal.jpg?resize=700%2C467&amp;ssl=1 700w, https:\/\/i0.wp.com\/healinequilibrium.com\/wp-content\/uploads\/2021\/07\/energize-goal.jpg?resize=300%2C200&amp;ssl=1 300w, https:\/\/i0.wp.com\/healinequilibrium.com\/wp-content\/uploads\/2021\/07\/energize-goal.jpg?resize=768%2C512&amp;ssl=1 768w, https:\/\/i0.wp.com\/healinequilibrium.com\/wp-content\/uploads\/2021\/07\/energize-goal.jpg?resize=1536%2C1024&amp;ssl=1 1536w, https:\/\/i0.wp.com\/healinequilibrium.com\/wp-content\/uploads\/2021\/07\/energize-goal.jpg?resize=200%2C133&amp;ssl=1 200w, https:\/\/i0.wp.com\/healinequilibrium.com\/wp-content\/uploads\/2021\/07\/energize-goal.jpg?resize=400%2C267&amp;ssl=1 400w, https:\/\/i0.wp.com\/healinequilibrium.com\/wp-content\/uploads\/2021\/07\/energize-goal.jpg?resize=600%2C400&amp;ssl=1 600w, https:\/\/i0.wp.com\/healinequilibrium.com\/wp-content\/uploads\/2021\/07\/energize-goal.jpg?resize=800%2C533&amp;ssl=1 800w, https:\/\/i0.wp.com\/healinequilibrium.com\/wp-content\/uploads\/2021\/07\/energize-goal.jpg?resize=1200%2C800&amp;ssl=1 1200w, https:\/\/i0.wp.com\/healinequilibrium.com\/wp-content\/uploads\/2021\/07\/energize-goal.jpg?w=1800&amp;ssl=1 1800w\" sizes=\"auto, (max-width: 1000px) 100vw, 1000px\" \/><\/figure>\n<\/div>\n\n\n\n<div class=\"wp-block-column is-vertically-aligned-center over is-layout-flow wp-block-column-is-layout-flow\">\n<p class=\"sub\">METAS<\/p>\n\n\n\n<p>A veces se nos olvida que es un privilegio tener un coraz\u00f3n que late. Esta es tu oportunidad ahora para cambiar tu forma de pensar y ser entusiasta con cada d\u00eda que est\u00e1s viviendo. \u00a1Reconecta, revitaliza y regoc\u00edjate!<\/p>\n<\/div>\n<\/div>\n\n\n\n<div style=\"height:100px\" aria-hidden=\"true\" class=\"wp-block-spacer\"><\/div>\n\n\n\n<div class=\"wp-block-columns are-vertically-aligned-center is-layout-flex wp-container-core-columns-is-layout-9d6595d7 wp-block-columns-is-layout-flex\">\n<div class=\"wp-block-column is-vertically-aligned-center is-layout-flow wp-block-column-is-layout-flow\">\n<p class=\"sub\">Recomendado para<\/p>\n\n\n\n<p class=\"box\">Personas que se sienten simplemente exhaustas, que tienen un embotamiento o falta de claridad, la sensaci\u00f3n de baja autoestima, falta de motivaci\u00f3n o deseo. Este programa lo ayudar\u00e1 a regresar a su camino hacia el logro.<\/p>\n<\/div>\n\n\n\n<div class=\"wp-block-column is-vertically-aligned-center is-layout-flow wp-block-column-is-layout-flow\">\n<figure class=\"wp-block-image size-large\"><img data-recalc-dims=\"1\" decoding=\"async\" width=\"1024\" height=\"683\" loading=\"lazy\" src=\"https:\/\/i0.wp.com\/healinequilibrium.com\/wp-content\/uploads\/2022\/08\/f3-044.jpg?resize=1024%2C683&#038;ssl=1\" alt=\"\" class=\"wp-image-2663\" srcset=\"https:\/\/i0.wp.com\/healinequilibrium.com\/wp-content\/uploads\/2022\/08\/f3-044.jpg?resize=1024%2C683&amp;ssl=1 1024w, https:\/\/i0.wp.com\/healinequilibrium.com\/wp-content\/uploads\/2022\/08\/f3-044.jpg?resize=300%2C200&amp;ssl=1 300w, https:\/\/i0.wp.com\/healinequilibrium.com\/wp-content\/uploads\/2022\/08\/f3-044.jpg?resize=768%2C512&amp;ssl=1 768w, https:\/\/i0.wp.com\/healinequilibrium.com\/wp-content\/uploads\/2022\/08\/f3-044.jpg?resize=1536%2C1024&amp;ssl=1 1536w, https:\/\/i0.wp.com\/healinequilibrium.com\/wp-content\/uploads\/2022\/08\/f3-044.jpg?w=1920&amp;ssl=1 1920w\" sizes=\"auto, (max-width: 1000px) 100vw, 1000px\" \/><\/figure>\n<\/div>\n<\/div>","protected":false},"excerpt":{"rendered":"<p>There are many reasons why we are low on vitality. This is the perfect opportunity to find the root of your energy deficiency. This program will refill your batteries, rejuvenate&hellip;<\/p>","protected":false},"author":2,"featured_media":0,"parent":0,"menu_order":0,"comment_status":"closed","ping_status":"closed","template":"","meta":{"nf_dc_page":"","footnotes":""},"class_list":["post-1540","page","type-page","status-publish","hentry"],"jetpack_sharing_enabled":true,"_links":{"self":[{"href":"https:\/\/healinequilibrium.com\/es\/wp-json\/wp\/v2\/pages\/1540","targetHints":{"allow":["GET"]}}],"collection":[{"href":"https:\/\/healinequilibrium.com\/es\/wp-json\/wp\/v2\/pages"}],"about":[{"href":"https:\/\/healinequilibrium.com\/es\/wp-json\/wp\/v2\/types\/page"}],"author":[{"embeddable":true,"href":"https:\/\/healinequilibrium.com\/es\/wp-json\/wp\/v2\/users\/2"}],"replies":[{"embeddable":true,"href":"https:\/\/healinequilibrium.com\/es\/wp-json\/wp\/v2\/comments?post=1540"}],"version-history":[{"count":5,"href":"https:\/\/healinequilibrium.com\/es\/wp-json\/wp\/v2\/pages\/1540\/revisions"}],"predecessor-version":[{"id":3202,"href":"https:\/\/healinequilibrium.com\/es\/wp-json\/wp\/v2\/pages\/1540\/revisions\/3202"}],"wp:attachment":[{"href":"https:\/\/healinequilibrium.com\/es\/wp-json\/wp\/v2\/media?parent=1540"}],"curies":[{"name":"wp","href":"https:\/\/api.w.org\/{rel}","templated":true}]}}