{"id":1552,"date":"2021-07-20T13:09:04","date_gmt":"2021-07-20T18:09:04","guid":{"rendered":"https:\/\/healinequilibrium.com\/?page_id=1552"},"modified":"2023-03-26T14:48:02","modified_gmt":"2023-03-26T20:48:02","slug":"detox-program","status":"publish","type":"page","link":"https:\/\/healinequilibrium.com\/es\/detox-program\/","title":{"rendered":"Programa Detox"},"content":{"rendered":"<div class=\"wp-block-cover alignfull\" style=\"min-height:800px;aspect-ratio:unset;\"><span aria-hidden=\"true\" class=\"wp-block-cover__background has-background-dim-30 has-background-dim\"><\/span><img data-recalc-dims=\"1\" decoding=\"async\" width=\"1800\" height=\"1200\" loading=\"lazy\" class=\"wp-block-cover__image-background wp-image-1724\" alt=\"Equilibrium Detox Program\" src=\"https:\/\/i0.wp.com\/healinequilibrium.com\/wp-content\/uploads\/2021\/07\/wellness-detox-program.jpg?resize=1800%2C1200&#038;ssl=1\" data-object-fit=\"cover\" srcset=\"https:\/\/i0.wp.com\/healinequilibrium.com\/wp-content\/uploads\/2021\/07\/wellness-detox-program.jpg?w=1800&amp;ssl=1 1800w, https:\/\/i0.wp.com\/healinequilibrium.com\/wp-content\/uploads\/2021\/07\/wellness-detox-program.jpg?resize=500%2C333&amp;ssl=1 500w, https:\/\/i0.wp.com\/healinequilibrium.com\/wp-content\/uploads\/2021\/07\/wellness-detox-program.jpg?resize=700%2C467&amp;ssl=1 700w, https:\/\/i0.wp.com\/healinequilibrium.com\/wp-content\/uploads\/2021\/07\/wellness-detox-program.jpg?resize=300%2C200&amp;ssl=1 300w, https:\/\/i0.wp.com\/healinequilibrium.com\/wp-content\/uploads\/2021\/07\/wellness-detox-program.jpg?resize=1024%2C683&amp;ssl=1 1024w, https:\/\/i0.wp.com\/healinequilibrium.com\/wp-content\/uploads\/2021\/07\/wellness-detox-program.jpg?resize=768%2C512&amp;ssl=1 768w, https:\/\/i0.wp.com\/healinequilibrium.com\/wp-content\/uploads\/2021\/07\/wellness-detox-program.jpg?resize=1536%2C1024&amp;ssl=1 1536w, https:\/\/i0.wp.com\/healinequilibrium.com\/wp-content\/uploads\/2021\/07\/wellness-detox-program.jpg?resize=200%2C133&amp;ssl=1 200w, https:\/\/i0.wp.com\/healinequilibrium.com\/wp-content\/uploads\/2021\/07\/wellness-detox-program.jpg?resize=400%2C267&amp;ssl=1 400w, https:\/\/i0.wp.com\/healinequilibrium.com\/wp-content\/uploads\/2021\/07\/wellness-detox-program.jpg?resize=600%2C400&amp;ssl=1 600w, https:\/\/i0.wp.com\/healinequilibrium.com\/wp-content\/uploads\/2021\/07\/wellness-detox-program.jpg?resize=800%2C533&amp;ssl=1 800w, https:\/\/i0.wp.com\/healinequilibrium.com\/wp-content\/uploads\/2021\/07\/wellness-detox-program.jpg?resize=1200%2C800&amp;ssl=1 1200w\" sizes=\"auto, (max-width: 1000px) 100vw, 1000px\" \/><div class=\"wp-block-cover__inner-container is-layout-flow wp-block-cover-is-layout-flow\">\n<p class=\"sub whi\">PROGRAMA DETOX<\/p>\n<\/div><\/div>\n\n\n\n<p class=\"box\">Una transformaci\u00f3n de adentro hacia afuera. La fuente de la juventud se desarrolla a nivel celular, en donde empieza nuestro propio programa. Tu experiencia te har\u00e1 sentir m\u00e1s sano, joven, y revitalizado. \u00a1\u00c9sta es una de las inversiones m\u00e1s importantes de tu vida!<\/p>\n\n\n\n<div style=\"height:100px\" aria-hidden=\"true\" class=\"wp-block-spacer\"><\/div>\n\n\n\n<div class=\"wp-block-columns are-vertically-aligned-center is-layout-flex wp-container-core-columns-is-layout-9d6595d7 wp-block-columns-is-layout-flex\">\n<div class=\"wp-block-column is-vertically-aligned-center is-layout-flow wp-block-column-is-layout-flow\">\n<p class=\"sub\">El m\u00e9todo<\/p>\n\n\n\n<p class=\"box\">Para resetear tu cuerpo, implementamos una secuencia personalizada de terapias hol\u00edsticas que destapar\u00e1n y desintoxicar\u00e1n los canales que conectan a los ri\u00f1ones, pulmones y coraz\u00f3n.<\/p>\n\n\n\n<ul class=\"wp-block-list\">\n<li>Encender\u00e1s los centros energ\u00e9ticos del cuerpo.<\/li>\n\n\n\n<li>Respirar\u00e1s conscientemente para incrementar la oxigenaci\u00f3n celular.<\/li>\n\n\n\n<li>Transformar\u00e1s el temor en amor.<\/li>\n<\/ul>\n<\/div>\n\n\n\n<div class=\"wp-block-column is-vertically-aligned-center is-layout-flow wp-block-column-is-layout-flow\">\n<figure class=\"wp-block-image size-large\"><img data-recalc-dims=\"1\" decoding=\"async\" width=\"1024\" height=\"683\" loading=\"lazy\" src=\"https:\/\/i0.wp.com\/healinequilibrium.com\/wp-content\/uploads\/2021\/07\/detox-method.jpg?resize=1024%2C683&#038;ssl=1\" alt=\"detox program in equilibrium resort\" class=\"wp-image-1556\" srcset=\"https:\/\/i0.wp.com\/healinequilibrium.com\/wp-content\/uploads\/2021\/07\/detox-method.jpg?resize=1024%2C683&amp;ssl=1 1024w, https:\/\/i0.wp.com\/healinequilibrium.com\/wp-content\/uploads\/2021\/07\/detox-method.jpg?resize=500%2C333&amp;ssl=1 500w, https:\/\/i0.wp.com\/healinequilibrium.com\/wp-content\/uploads\/2021\/07\/detox-method.jpg?resize=700%2C467&amp;ssl=1 700w, https:\/\/i0.wp.com\/healinequilibrium.com\/wp-content\/uploads\/2021\/07\/detox-method.jpg?resize=300%2C200&amp;ssl=1 300w, https:\/\/i0.wp.com\/healinequilibrium.com\/wp-content\/uploads\/2021\/07\/detox-method.jpg?resize=768%2C512&amp;ssl=1 768w, https:\/\/i0.wp.com\/healinequilibrium.com\/wp-content\/uploads\/2021\/07\/detox-method.jpg?resize=1536%2C1024&amp;ssl=1 1536w, https:\/\/i0.wp.com\/healinequilibrium.com\/wp-content\/uploads\/2021\/07\/detox-method.jpg?resize=200%2C133&amp;ssl=1 200w, https:\/\/i0.wp.com\/healinequilibrium.com\/wp-content\/uploads\/2021\/07\/detox-method.jpg?resize=400%2C267&amp;ssl=1 400w, https:\/\/i0.wp.com\/healinequilibrium.com\/wp-content\/uploads\/2021\/07\/detox-method.jpg?resize=600%2C400&amp;ssl=1 600w, https:\/\/i0.wp.com\/healinequilibrium.com\/wp-content\/uploads\/2021\/07\/detox-method.jpg?resize=800%2C533&amp;ssl=1 800w, https:\/\/i0.wp.com\/healinequilibrium.com\/wp-content\/uploads\/2021\/07\/detox-method.jpg?resize=1200%2C800&amp;ssl=1 1200w, https:\/\/i0.wp.com\/healinequilibrium.com\/wp-content\/uploads\/2021\/07\/detox-method.jpg?w=1800&amp;ssl=1 1800w\" sizes=\"auto, (max-width: 1000px) 100vw, 1000px\" \/><\/figure>\n<\/div>\n<\/div>\n\n\n\n<div style=\"height:100px\" aria-hidden=\"true\" class=\"wp-block-spacer\"><\/div>\n\n\n\n<div class=\"wp-block-columns are-vertically-aligned-center is-layout-flex wp-container-core-columns-is-layout-9d6595d7 wp-block-columns-is-layout-flex\">\n<div class=\"wp-block-column is-vertically-aligned-center is-layout-flow wp-block-column-is-layout-flow\">\n<figure class=\"wp-block-image size-large\"><img data-recalc-dims=\"1\" decoding=\"async\" width=\"1024\" height=\"683\" loading=\"lazy\" src=\"https:\/\/i0.wp.com\/healinequilibrium.com\/wp-content\/uploads\/2021\/07\/detox-goals.jpg?resize=1024%2C683&#038;ssl=1\" alt=\"\" class=\"wp-image-1557\" srcset=\"https:\/\/i0.wp.com\/healinequilibrium.com\/wp-content\/uploads\/2021\/07\/detox-goals.jpg?resize=1024%2C683&amp;ssl=1 1024w, https:\/\/i0.wp.com\/healinequilibrium.com\/wp-content\/uploads\/2021\/07\/detox-goals.jpg?resize=500%2C333&amp;ssl=1 500w, https:\/\/i0.wp.com\/healinequilibrium.com\/wp-content\/uploads\/2021\/07\/detox-goals.jpg?resize=700%2C467&amp;ssl=1 700w, https:\/\/i0.wp.com\/healinequilibrium.com\/wp-content\/uploads\/2021\/07\/detox-goals.jpg?resize=300%2C200&amp;ssl=1 300w, https:\/\/i0.wp.com\/healinequilibrium.com\/wp-content\/uploads\/2021\/07\/detox-goals.jpg?resize=768%2C512&amp;ssl=1 768w, https:\/\/i0.wp.com\/healinequilibrium.com\/wp-content\/uploads\/2021\/07\/detox-goals.jpg?resize=1536%2C1024&amp;ssl=1 1536w, https:\/\/i0.wp.com\/healinequilibrium.com\/wp-content\/uploads\/2021\/07\/detox-goals.jpg?resize=200%2C133&amp;ssl=1 200w, https:\/\/i0.wp.com\/healinequilibrium.com\/wp-content\/uploads\/2021\/07\/detox-goals.jpg?resize=400%2C267&amp;ssl=1 400w, https:\/\/i0.wp.com\/healinequilibrium.com\/wp-content\/uploads\/2021\/07\/detox-goals.jpg?resize=600%2C400&amp;ssl=1 600w, https:\/\/i0.wp.com\/healinequilibrium.com\/wp-content\/uploads\/2021\/07\/detox-goals.jpg?resize=800%2C533&amp;ssl=1 800w, https:\/\/i0.wp.com\/healinequilibrium.com\/wp-content\/uploads\/2021\/07\/detox-goals.jpg?resize=1200%2C800&amp;ssl=1 1200w, https:\/\/i0.wp.com\/healinequilibrium.com\/wp-content\/uploads\/2021\/07\/detox-goals.jpg?w=1800&amp;ssl=1 1800w\" sizes=\"auto, (max-width: 1000px) 100vw, 1000px\" \/><\/figure>\n<\/div>\n\n\n\n<div class=\"wp-block-column is-vertically-aligned-center over is-layout-flow wp-block-column-is-layout-flow\">\n<p class=\"sub\">METAS<\/p>\n\n\n\n<p class=\"box\">Purificar las toxinas del cuerpo acumuladas en el h\u00edgado y sistema digestivo debido a malos h\u00e1bitos alimenticios y contaminantes externos. Al desintoxicar el cuerpo fortaleces al sistema inmune. \u00a1S\u00e9 m\u00e1s sano!<\/p>\n<\/div>\n<\/div>\n\n\n\n<div style=\"height:100px\" aria-hidden=\"true\" class=\"wp-block-spacer\"><\/div>\n\n\n\n<div class=\"wp-block-columns are-vertically-aligned-center is-layout-flex wp-container-core-columns-is-layout-9d6595d7 wp-block-columns-is-layout-flex\">\n<div class=\"wp-block-column is-vertically-aligned-center is-layout-flow wp-block-column-is-layout-flow\">\n<p class=\"sub\">Recomendado para<\/p>\n\n\n\n<p class=\"box\">Personas con malos h\u00e1bitos o adicciones tales como: caf\u00e9, alcohol, cigarro, mala dieta, medicamentos, etc. Gente con metales pesados, contaminaci\u00f3n o estr\u00e9s.<\/p>\n<\/div>\n\n\n\n<div class=\"wp-block-column is-vertically-aligned-center is-layout-flow wp-block-column-is-layout-flow\">\n<figure class=\"wp-block-image size-large\"><img data-recalc-dims=\"1\" decoding=\"async\" width=\"1024\" height=\"683\" loading=\"lazy\" src=\"https:\/\/i0.wp.com\/healinequilibrium.com\/wp-content\/uploads\/2021\/07\/detox-recommended.jpg?resize=1024%2C683&#038;ssl=1\" alt=\"Detox Program\" class=\"wp-image-1725\" srcset=\"https:\/\/i0.wp.com\/healinequilibrium.com\/wp-content\/uploads\/2021\/07\/detox-recommended.jpg?resize=1024%2C683&amp;ssl=1 1024w, https:\/\/i0.wp.com\/healinequilibrium.com\/wp-content\/uploads\/2021\/07\/detox-recommended.jpg?resize=500%2C333&amp;ssl=1 500w, https:\/\/i0.wp.com\/healinequilibrium.com\/wp-content\/uploads\/2021\/07\/detox-recommended.jpg?resize=700%2C467&amp;ssl=1 700w, https:\/\/i0.wp.com\/healinequilibrium.com\/wp-content\/uploads\/2021\/07\/detox-recommended.jpg?resize=300%2C200&amp;ssl=1 300w, https:\/\/i0.wp.com\/healinequilibrium.com\/wp-content\/uploads\/2021\/07\/detox-recommended.jpg?resize=768%2C512&amp;ssl=1 768w, https:\/\/i0.wp.com\/healinequilibrium.com\/wp-content\/uploads\/2021\/07\/detox-recommended.jpg?resize=1536%2C1024&amp;ssl=1 1536w, https:\/\/i0.wp.com\/healinequilibrium.com\/wp-content\/uploads\/2021\/07\/detox-recommended.jpg?resize=200%2C133&amp;ssl=1 200w, https:\/\/i0.wp.com\/healinequilibrium.com\/wp-content\/uploads\/2021\/07\/detox-recommended.jpg?resize=400%2C267&amp;ssl=1 400w, https:\/\/i0.wp.com\/healinequilibrium.com\/wp-content\/uploads\/2021\/07\/detox-recommended.jpg?resize=600%2C400&amp;ssl=1 600w, https:\/\/i0.wp.com\/healinequilibrium.com\/wp-content\/uploads\/2021\/07\/detox-recommended.jpg?resize=800%2C533&amp;ssl=1 800w, https:\/\/i0.wp.com\/healinequilibrium.com\/wp-content\/uploads\/2021\/07\/detox-recommended.jpg?resize=1200%2C800&amp;ssl=1 1200w, https:\/\/i0.wp.com\/healinequilibrium.com\/wp-content\/uploads\/2021\/07\/detox-recommended.jpg?w=1800&amp;ssl=1 1800w\" sizes=\"auto, (max-width: 1000px) 100vw, 1000px\" \/><\/figure>\n<\/div>\n<\/div>","protected":false},"excerpt":{"rendered":"<p>The ability to welcome new life habits into our daily routine can be a challenge. We are exposed to a vast amount of polluted environments (air, food, traffic, people, technology,&hellip;<\/p>","protected":false},"author":2,"featured_media":0,"parent":0,"menu_order":0,"comment_status":"closed","ping_status":"closed","template":"","meta":{"nf_dc_page":"","footnotes":""},"class_list":["post-1552","page","type-page","status-publish","hentry"],"jetpack_sharing_enabled":true,"_links":{"self":[{"href":"https:\/\/healinequilibrium.com\/es\/wp-json\/wp\/v2\/pages\/1552","targetHints":{"allow":["GET"]}}],"collection":[{"href":"https:\/\/healinequilibrium.com\/es\/wp-json\/wp\/v2\/pages"}],"about":[{"href":"https:\/\/healinequilibrium.com\/es\/wp-json\/wp\/v2\/types\/page"}],"author":[{"embeddable":true,"href":"https:\/\/healinequilibrium.com\/es\/wp-json\/wp\/v2\/users\/2"}],"replies":[{"embeddable":true,"href":"https:\/\/healinequilibrium.com\/es\/wp-json\/wp\/v2\/comments?post=1552"}],"version-history":[{"count":5,"href":"https:\/\/healinequilibrium.com\/es\/wp-json\/wp\/v2\/pages\/1552\/revisions"}],"predecessor-version":[{"id":3201,"href":"https:\/\/healinequilibrium.com\/es\/wp-json\/wp\/v2\/pages\/1552\/revisions\/3201"}],"wp:attachment":[{"href":"https:\/\/healinequilibrium.com\/es\/wp-json\/wp\/v2\/media?parent=1552"}],"curies":[{"name":"wp","href":"https:\/\/api.w.org\/{rel}","templated":true}]}}