{"id":1561,"date":"2021-07-20T13:42:11","date_gmt":"2021-07-20T18:42:11","guid":{"rendered":"https:\/\/healinequilibrium.com\/?page_id=1561"},"modified":"2023-03-26T14:47:34","modified_gmt":"2023-03-26T20:47:34","slug":"rejuvenate-program","status":"publish","type":"page","link":"https:\/\/healinequilibrium.com\/es\/rejuvenate-program\/","title":{"rendered":"rejuvenate program"},"content":{"rendered":"<div class=\"wp-block-cover alignfull\" style=\"min-height:800px;aspect-ratio:unset;\"><span aria-hidden=\"true\" class=\"wp-block-cover__background has-background-dim-40 has-background-dim\"><\/span><img data-recalc-dims=\"1\" decoding=\"async\" width=\"1200\" height=\"799\" loading=\"lazy\" class=\"wp-block-cover__image-background wp-image-1567\" alt=\"Rejuvenate program\" src=\"https:\/\/i0.wp.com\/healinequilibrium.com\/wp-content\/uploads\/2021\/07\/rejuvenate-goals.jpg?resize=1200%2C799&#038;ssl=1\" data-object-fit=\"cover\" srcset=\"https:\/\/i0.wp.com\/healinequilibrium.com\/wp-content\/uploads\/2021\/07\/rejuvenate-goals.jpg?w=1200&amp;ssl=1 1200w, https:\/\/i0.wp.com\/healinequilibrium.com\/wp-content\/uploads\/2021\/07\/rejuvenate-goals.jpg?resize=500%2C333&amp;ssl=1 500w, https:\/\/i0.wp.com\/healinequilibrium.com\/wp-content\/uploads\/2021\/07\/rejuvenate-goals.jpg?resize=700%2C466&amp;ssl=1 700w, https:\/\/i0.wp.com\/healinequilibrium.com\/wp-content\/uploads\/2021\/07\/rejuvenate-goals.jpg?resize=300%2C200&amp;ssl=1 300w, https:\/\/i0.wp.com\/healinequilibrium.com\/wp-content\/uploads\/2021\/07\/rejuvenate-goals.jpg?resize=1024%2C682&amp;ssl=1 1024w, https:\/\/i0.wp.com\/healinequilibrium.com\/wp-content\/uploads\/2021\/07\/rejuvenate-goals.jpg?resize=768%2C511&amp;ssl=1 768w, https:\/\/i0.wp.com\/healinequilibrium.com\/wp-content\/uploads\/2021\/07\/rejuvenate-goals.jpg?resize=200%2C133&amp;ssl=1 200w, https:\/\/i0.wp.com\/healinequilibrium.com\/wp-content\/uploads\/2021\/07\/rejuvenate-goals.jpg?resize=400%2C266&amp;ssl=1 400w, https:\/\/i0.wp.com\/healinequilibrium.com\/wp-content\/uploads\/2021\/07\/rejuvenate-goals.jpg?resize=600%2C400&amp;ssl=1 600w, https:\/\/i0.wp.com\/healinequilibrium.com\/wp-content\/uploads\/2021\/07\/rejuvenate-goals.jpg?resize=800%2C533&amp;ssl=1 800w\" sizes=\"auto, (max-width: 1000px) 100vw, 1000px\" \/><div class=\"wp-block-cover__inner-container is-layout-flow wp-block-cover-is-layout-flow\">\n<p class=\"sub whi\">PROGRAMA DE REJUVENECIMIENTO<\/p>\n<\/div><\/div>\n\n\n\n<p class=\"box\">Una transformaci\u00f3n de adentro hacia afuera. La fuente de la juventud se desarrolla a nivel celular, en donde empieza nuestro propio programa. Tu experiencia te har\u00e1 sentir m\u00e1s sano, joven, y revitalizado. \u00a1\u00c9sta es una de las inversiones m\u00e1s importantes de tu vida!<\/p>\n\n\n\n<div style=\"height:100px\" aria-hidden=\"true\" class=\"wp-block-spacer\"><\/div>\n\n\n\n<div class=\"wp-block-columns are-vertically-aligned-center is-layout-flex wp-container-core-columns-is-layout-9d6595d7 wp-block-columns-is-layout-flex\">\n<div class=\"wp-block-column is-vertically-aligned-center is-layout-flow wp-block-column-is-layout-flow\">\n<p class=\"sub\">El m\u00e9todo<\/p>\n\n\n\n<p class=\"box\">A trav\u00e9s de terapias naturales y nutrici\u00f3n en conjunto con t\u00e9cnicas antiguas y modernas de la medicina; Optimizamos la salud retrasando los efectos del envejecimiento.<\/p>\n\n\n\n<ul class=\"wp-block-list\">\n<li>An\u00e1lisis cl\u00ednicos basados en la medicina integral.<\/li>\n\n\n\n<li>Tips de Nutrici\u00f3n.<\/li>\n\n\n\n<li>Pr\u00e1cticas de concientizaci\u00f3n del cuerpo.<\/li>\n\n\n\n<li>Recomendaciones de estilo de vida con actividades que te permiten aprender nuevos h\u00e1bitos saludables.<\/li>\n<\/ul>\n<\/div>\n\n\n\n<div class=\"wp-block-column is-vertically-aligned-center is-layout-flow wp-block-column-is-layout-flow\">\n<figure class=\"wp-block-image size-large\"><img data-recalc-dims=\"1\" decoding=\"async\" width=\"1024\" height=\"683\" loading=\"lazy\" src=\"https:\/\/i0.wp.com\/healinequilibrium.com\/wp-content\/uploads\/2021\/07\/rejuvenate-method.jpg?resize=1024%2C683&#038;ssl=1\" alt=\"rejuvenate program in healing resort\" class=\"wp-image-1566\" srcset=\"https:\/\/i0.wp.com\/healinequilibrium.com\/wp-content\/uploads\/2021\/07\/rejuvenate-method.jpg?resize=1024%2C683&amp;ssl=1 1024w, https:\/\/i0.wp.com\/healinequilibrium.com\/wp-content\/uploads\/2021\/07\/rejuvenate-method.jpg?resize=500%2C333&amp;ssl=1 500w, https:\/\/i0.wp.com\/healinequilibrium.com\/wp-content\/uploads\/2021\/07\/rejuvenate-method.jpg?resize=700%2C467&amp;ssl=1 700w, https:\/\/i0.wp.com\/healinequilibrium.com\/wp-content\/uploads\/2021\/07\/rejuvenate-method.jpg?resize=300%2C200&amp;ssl=1 300w, https:\/\/i0.wp.com\/healinequilibrium.com\/wp-content\/uploads\/2021\/07\/rejuvenate-method.jpg?resize=768%2C512&amp;ssl=1 768w, https:\/\/i0.wp.com\/healinequilibrium.com\/wp-content\/uploads\/2021\/07\/rejuvenate-method.jpg?resize=1536%2C1024&amp;ssl=1 1536w, https:\/\/i0.wp.com\/healinequilibrium.com\/wp-content\/uploads\/2021\/07\/rejuvenate-method.jpg?resize=200%2C133&amp;ssl=1 200w, https:\/\/i0.wp.com\/healinequilibrium.com\/wp-content\/uploads\/2021\/07\/rejuvenate-method.jpg?resize=400%2C267&amp;ssl=1 400w, https:\/\/i0.wp.com\/healinequilibrium.com\/wp-content\/uploads\/2021\/07\/rejuvenate-method.jpg?resize=600%2C400&amp;ssl=1 600w, https:\/\/i0.wp.com\/healinequilibrium.com\/wp-content\/uploads\/2021\/07\/rejuvenate-method.jpg?resize=800%2C533&amp;ssl=1 800w, https:\/\/i0.wp.com\/healinequilibrium.com\/wp-content\/uploads\/2021\/07\/rejuvenate-method.jpg?resize=1200%2C800&amp;ssl=1 1200w, https:\/\/i0.wp.com\/healinequilibrium.com\/wp-content\/uploads\/2021\/07\/rejuvenate-method.jpg?w=1800&amp;ssl=1 1800w\" sizes=\"auto, (max-width: 1000px) 100vw, 1000px\" \/><\/figure>\n<\/div>\n<\/div>\n\n\n\n<div style=\"height:100px\" aria-hidden=\"true\" class=\"wp-block-spacer\"><\/div>\n\n\n\n<div class=\"wp-block-columns are-vertically-aligned-center is-layout-flex wp-container-core-columns-is-layout-9d6595d7 wp-block-columns-is-layout-flex\">\n<div class=\"wp-block-column is-vertically-aligned-center is-layout-flow wp-block-column-is-layout-flow\">\n<figure class=\"wp-block-image size-large\"><img data-recalc-dims=\"1\" decoding=\"async\" width=\"1024\" height=\"683\" loading=\"lazy\" src=\"https:\/\/i0.wp.com\/healinequilibrium.com\/wp-content\/uploads\/2021\/07\/rejuvenate-1.jpg?resize=1024%2C683&#038;ssl=1\" alt=\"Rejuvenate Program\" class=\"wp-image-1564\" srcset=\"https:\/\/i0.wp.com\/healinequilibrium.com\/wp-content\/uploads\/2021\/07\/rejuvenate-1.jpg?resize=1024%2C683&amp;ssl=1 1024w, https:\/\/i0.wp.com\/healinequilibrium.com\/wp-content\/uploads\/2021\/07\/rejuvenate-1.jpg?resize=500%2C333&amp;ssl=1 500w, https:\/\/i0.wp.com\/healinequilibrium.com\/wp-content\/uploads\/2021\/07\/rejuvenate-1.jpg?resize=700%2C467&amp;ssl=1 700w, https:\/\/i0.wp.com\/healinequilibrium.com\/wp-content\/uploads\/2021\/07\/rejuvenate-1.jpg?resize=300%2C200&amp;ssl=1 300w, https:\/\/i0.wp.com\/healinequilibrium.com\/wp-content\/uploads\/2021\/07\/rejuvenate-1.jpg?resize=768%2C512&amp;ssl=1 768w, https:\/\/i0.wp.com\/healinequilibrium.com\/wp-content\/uploads\/2021\/07\/rejuvenate-1.jpg?resize=1536%2C1024&amp;ssl=1 1536w, https:\/\/i0.wp.com\/healinequilibrium.com\/wp-content\/uploads\/2021\/07\/rejuvenate-1.jpg?resize=200%2C133&amp;ssl=1 200w, https:\/\/i0.wp.com\/healinequilibrium.com\/wp-content\/uploads\/2021\/07\/rejuvenate-1.jpg?resize=400%2C267&amp;ssl=1 400w, https:\/\/i0.wp.com\/healinequilibrium.com\/wp-content\/uploads\/2021\/07\/rejuvenate-1.jpg?resize=600%2C400&amp;ssl=1 600w, https:\/\/i0.wp.com\/healinequilibrium.com\/wp-content\/uploads\/2021\/07\/rejuvenate-1.jpg?resize=800%2C533&amp;ssl=1 800w, https:\/\/i0.wp.com\/healinequilibrium.com\/wp-content\/uploads\/2021\/07\/rejuvenate-1.jpg?resize=1200%2C800&amp;ssl=1 1200w, https:\/\/i0.wp.com\/healinequilibrium.com\/wp-content\/uploads\/2021\/07\/rejuvenate-1.jpg?w=1800&amp;ssl=1 1800w\" sizes=\"auto, (max-width: 1000px) 100vw, 1000px\" \/><\/figure>\n<\/div>\n\n\n\n<div class=\"wp-block-column is-vertically-aligned-center is-layout-flow wp-block-column-is-layout-flow\">\n<p class=\"sub\">METAS<\/p>\n\n\n\n<p class=\"box\">Para potencializar tu autoestima, autoimagen y validarte. Este programa te har\u00e1 sentir \u00a1m\u00e1s joven, fresco y sexy! Ll\u00e9vate incre\u00edbles nuevos h\u00e1bitos para mejorar tu camino hacia un mejor estilo de vida.<\/p>\n<\/div>\n<\/div>\n\n\n\n<div style=\"height:100px\" aria-hidden=\"true\" class=\"wp-block-spacer\"><\/div>\n\n\n\n<div class=\"wp-block-columns are-vertically-aligned-center is-layout-flex wp-container-core-columns-is-layout-9d6595d7 wp-block-columns-is-layout-flex\">\n<div class=\"wp-block-column is-vertically-aligned-center is-layout-flow wp-block-column-is-layout-flow\">\n<p class=\"sub\">Recomendado para<\/p>\n\n\n\n<p class=\"box\">Personas interesadas en mejorar su salud, vitalidad y apariencia f\u00edsica. Gente que desea retrasar su reloj biol\u00f3gico a trav\u00e9s de un acercamiento hol\u00edstico y con la medicina integral.<\/p>\n<\/div>\n\n\n\n<div class=\"wp-block-column is-vertically-aligned-center is-layout-flow wp-block-column-is-layout-flow\">\n<figure class=\"wp-block-image size-large\"><img data-recalc-dims=\"1\" decoding=\"async\" width=\"1024\" height=\"683\" loading=\"lazy\" src=\"https:\/\/i0.wp.com\/healinequilibrium.com\/wp-content\/uploads\/2021\/07\/rejuvenate-recommended.jpg?resize=1024%2C683&#038;ssl=1\" alt=\"Rejuvenate program\" class=\"wp-image-1568\" srcset=\"https:\/\/i0.wp.com\/healinequilibrium.com\/wp-content\/uploads\/2021\/07\/rejuvenate-recommended.jpg?resize=1024%2C683&amp;ssl=1 1024w, https:\/\/i0.wp.com\/healinequilibrium.com\/wp-content\/uploads\/2021\/07\/rejuvenate-recommended.jpg?resize=500%2C333&amp;ssl=1 500w, https:\/\/i0.wp.com\/healinequilibrium.com\/wp-content\/uploads\/2021\/07\/rejuvenate-recommended.jpg?resize=700%2C467&amp;ssl=1 700w, https:\/\/i0.wp.com\/healinequilibrium.com\/wp-content\/uploads\/2021\/07\/rejuvenate-recommended.jpg?resize=300%2C200&amp;ssl=1 300w, https:\/\/i0.wp.com\/healinequilibrium.com\/wp-content\/uploads\/2021\/07\/rejuvenate-recommended.jpg?resize=768%2C512&amp;ssl=1 768w, https:\/\/i0.wp.com\/healinequilibrium.com\/wp-content\/uploads\/2021\/07\/rejuvenate-recommended.jpg?resize=200%2C133&amp;ssl=1 200w, https:\/\/i0.wp.com\/healinequilibrium.com\/wp-content\/uploads\/2021\/07\/rejuvenate-recommended.jpg?resize=400%2C267&amp;ssl=1 400w, https:\/\/i0.wp.com\/healinequilibrium.com\/wp-content\/uploads\/2021\/07\/rejuvenate-recommended.jpg?resize=600%2C400&amp;ssl=1 600w, https:\/\/i0.wp.com\/healinequilibrium.com\/wp-content\/uploads\/2021\/07\/rejuvenate-recommended.jpg?resize=800%2C533&amp;ssl=1 800w, https:\/\/i0.wp.com\/healinequilibrium.com\/wp-content\/uploads\/2021\/07\/rejuvenate-recommended.jpg?w=1200&amp;ssl=1 1200w\" sizes=\"auto, (max-width: 1000px) 100vw, 1000px\" \/><\/figure>\n<\/div>\n<\/div>","protected":false},"excerpt":{"rendered":"<p>A transformation from the inside out. The fountain of youth starts at the cellular level which is where our tailor-made program begins. Your experience will make you healthier, feel younger,&hellip;<\/p>","protected":false},"author":2,"featured_media":0,"parent":0,"menu_order":0,"comment_status":"closed","ping_status":"closed","template":"","meta":{"nf_dc_page":"","footnotes":""},"class_list":["post-1561","page","type-page","status-publish","hentry"],"jetpack_sharing_enabled":true,"_links":{"self":[{"href":"https:\/\/healinequilibrium.com\/es\/wp-json\/wp\/v2\/pages\/1561","targetHints":{"allow":["GET"]}}],"collection":[{"href":"https:\/\/healinequilibrium.com\/es\/wp-json\/wp\/v2\/pages"}],"about":[{"href":"https:\/\/healinequilibrium.com\/es\/wp-json\/wp\/v2\/types\/page"}],"author":[{"embeddable":true,"href":"https:\/\/healinequilibrium.com\/es\/wp-json\/wp\/v2\/users\/2"}],"replies":[{"embeddable":true,"href":"https:\/\/healinequilibrium.com\/es\/wp-json\/wp\/v2\/comments?post=1561"}],"version-history":[{"count":5,"href":"https:\/\/healinequilibrium.com\/es\/wp-json\/wp\/v2\/pages\/1561\/revisions"}],"predecessor-version":[{"id":3200,"href":"https:\/\/healinequilibrium.com\/es\/wp-json\/wp\/v2\/pages\/1561\/revisions\/3200"}],"wp:attachment":[{"href":"https:\/\/healinequilibrium.com\/es\/wp-json\/wp\/v2\/media?parent=1561"}],"curies":[{"name":"wp","href":"https:\/\/api.w.org\/{rel}","templated":true}]}}