{"id":1626,"date":"2021-07-21T13:36:50","date_gmt":"2021-07-21T18:36:50","guid":{"rendered":"https:\/\/healinequilibrium.com\/?page_id=1626"},"modified":"2023-09-06T16:20:07","modified_gmt":"2023-09-06T22:20:07","slug":"rooms","status":"publish","type":"page","link":"https:\/\/healinequilibrium.com\/es\/rooms\/","title":{"rendered":"rooms"},"content":{"rendered":"<div style=\"height:200px\" aria-hidden=\"true\" class=\"wp-block-spacer\"><\/div>\n\n\n\n<div class=\"wp-block-columns are-vertically-aligned-center is-layout-flex wp-container-core-columns-is-layout-9d6595d7 wp-block-columns-is-layout-flex\">\n<div class=\"wp-block-column is-vertically-aligned-center over is-layout-flow wp-block-column-is-layout-flow\">\n<p class=\"sub\">DRISHTI &amp; DHARANA<\/p>\n\n\n\n<p class=\"box\">Las primeras casitas que inspiraron a las dem\u00e1s. Son realmente espaciosas; con impresionante luz natural. Su arquitectura es \u00fanica. Ideales para una pareja, 2 amigos compartiendo, o podemos incluir tres camas bajo previo aviso.<\/p>\n\n\n\n<div class=\"wp-block-buttons is-content-justification-center is-layout-flex wp-container-core-buttons-is-layout-16018d1d wp-block-buttons-is-layout-flex\">\n<div class=\"wp-block-button is-style-outline is-style-outline--1\"><a class=\"wp-block-button__link wp-element-button\" href=\"https:\/\/healinequilibrium.com\/es\/drishti-dharana-suite\/\">Descubre m\u00e1s<\/a><\/div>\n<\/div>\n<\/div>\n\n\n\n<div class=\"wp-block-column is-vertically-aligned-center is-layout-flow wp-block-column-is-layout-flow\">\n<figure class=\"wp-block-image size-large\"><img data-recalc-dims=\"1\" decoding=\"async\" width=\"1024\" height=\"682\" loading=\"lazy\" src=\"https:\/\/i0.wp.com\/healinequilibrium.com\/wp-content\/uploads\/2022\/08\/drishti-suite-1.jpg?resize=1024%2C682&#038;ssl=1\" alt=\"\" class=\"wp-image-2716\" srcset=\"https:\/\/i0.wp.com\/healinequilibrium.com\/wp-content\/uploads\/2022\/08\/drishti-suite-1.jpg?resize=1024%2C682&amp;ssl=1 1024w, https:\/\/i0.wp.com\/healinequilibrium.com\/wp-content\/uploads\/2022\/08\/drishti-suite-1.jpg?resize=300%2C200&amp;ssl=1 300w, https:\/\/i0.wp.com\/healinequilibrium.com\/wp-content\/uploads\/2022\/08\/drishti-suite-1.jpg?resize=768%2C512&amp;ssl=1 768w, https:\/\/i0.wp.com\/healinequilibrium.com\/wp-content\/uploads\/2022\/08\/drishti-suite-1.jpg?resize=1536%2C1024&amp;ssl=1 1536w, https:\/\/i0.wp.com\/healinequilibrium.com\/wp-content\/uploads\/2022\/08\/drishti-suite-1.jpg?w=2000&amp;ssl=1 2000w\" sizes=\"auto, (max-width: 1000px) 100vw, 1000px\" \/><\/figure>\n<\/div>\n<\/div>\n\n\n\n<div style=\"height:150px\" aria-hidden=\"true\" class=\"wp-block-spacer\"><\/div>\n\n\n\n<div class=\"wp-block-columns are-vertically-aligned-center is-layout-flex wp-container-core-columns-is-layout-9d6595d7 wp-block-columns-is-layout-flex\">\n<div class=\"wp-block-column is-vertically-aligned-center is-layout-flow wp-block-column-is-layout-flow\">\n<figure class=\"wp-block-image size-large\"><img data-recalc-dims=\"1\" decoding=\"async\" width=\"1024\" height=\"683\" loading=\"lazy\" src=\"https:\/\/i0.wp.com\/healinequilibrium.com\/wp-content\/uploads\/2021\/07\/Satya-Santosha.jpg?resize=1024%2C683&#038;ssl=1\" alt=\"Satya &amp; Santosha Suites\" class=\"wp-image-1635\" srcset=\"https:\/\/i0.wp.com\/healinequilibrium.com\/wp-content\/uploads\/2021\/07\/Satya-Santosha.jpg?resize=1024%2C683&amp;ssl=1 1024w, https:\/\/i0.wp.com\/healinequilibrium.com\/wp-content\/uploads\/2021\/07\/Satya-Santosha.jpg?resize=500%2C333&amp;ssl=1 500w, https:\/\/i0.wp.com\/healinequilibrium.com\/wp-content\/uploads\/2021\/07\/Satya-Santosha.jpg?resize=700%2C467&amp;ssl=1 700w, https:\/\/i0.wp.com\/healinequilibrium.com\/wp-content\/uploads\/2021\/07\/Satya-Santosha.jpg?resize=300%2C200&amp;ssl=1 300w, https:\/\/i0.wp.com\/healinequilibrium.com\/wp-content\/uploads\/2021\/07\/Satya-Santosha.jpg?resize=768%2C512&amp;ssl=1 768w, https:\/\/i0.wp.com\/healinequilibrium.com\/wp-content\/uploads\/2021\/07\/Satya-Santosha.jpg?resize=1536%2C1024&amp;ssl=1 1536w, https:\/\/i0.wp.com\/healinequilibrium.com\/wp-content\/uploads\/2021\/07\/Satya-Santosha.jpg?resize=200%2C133&amp;ssl=1 200w, https:\/\/i0.wp.com\/healinequilibrium.com\/wp-content\/uploads\/2021\/07\/Satya-Santosha.jpg?resize=400%2C267&amp;ssl=1 400w, https:\/\/i0.wp.com\/healinequilibrium.com\/wp-content\/uploads\/2021\/07\/Satya-Santosha.jpg?resize=600%2C400&amp;ssl=1 600w, https:\/\/i0.wp.com\/healinequilibrium.com\/wp-content\/uploads\/2021\/07\/Satya-Santosha.jpg?resize=800%2C533&amp;ssl=1 800w, https:\/\/i0.wp.com\/healinequilibrium.com\/wp-content\/uploads\/2021\/07\/Satya-Santosha.jpg?resize=1200%2C800&amp;ssl=1 1200w, https:\/\/i0.wp.com\/healinequilibrium.com\/wp-content\/uploads\/2021\/07\/Satya-Santosha.jpg?w=1800&amp;ssl=1 1800w\" sizes=\"auto, (max-width: 1000px) 100vw, 1000px\" \/><\/figure>\n<\/div>\n\n\n\n<div class=\"wp-block-column is-vertically-aligned-center over is-layout-flow wp-block-column-is-layout-flow\">\n<p class=\"sub\">SATYA Y SANTOSHA<\/p>\n\n\n\n<p class=\"box\">Ambas casitas est\u00e1n inmersas en el coraz\u00f3n de Equilibrium. Estas habitaciones tienen un dise\u00f1o org\u00e1nico y fueron inspiradas por los \u00e1rboles que las rodean. Al escoger una de estas casitas tienes acceso a la regadera para ba\u00f1arte bajo la luz de las estrellas en medio de la naturaleza. Ideal para viajeros, una pareja o 2 amigos compartiendo habitaci\u00f3n.<\/p>\n\n\n\n<div class=\"wp-block-buttons is-content-justification-center is-layout-flex wp-container-core-buttons-is-layout-16018d1d wp-block-buttons-is-layout-flex\">\n<div class=\"wp-block-button is-style-outline is-style-outline--2\"><a class=\"wp-block-button__link wp-element-button\" href=\"https:\/\/healinequilibrium.com\/es\/satya-santosha-suite\/\">Descubre m\u00e1s<\/a><\/div>\n<\/div>\n<\/div>\n<\/div>\n\n\n\n<div style=\"height:150px\" aria-hidden=\"true\" class=\"wp-block-spacer\"><\/div>\n\n\n\n<div class=\"wp-block-columns are-vertically-aligned-center is-layout-flex wp-container-core-columns-is-layout-9d6595d7 wp-block-columns-is-layout-flex\">\n<div class=\"wp-block-column is-vertically-aligned-center over is-layout-flow wp-block-column-is-layout-flow\">\n<p class=\"sub\">BRAHMA Y PRANA<\/p>\n\n\n\n<p class=\"box\">Peque\u00f1as y acogedoras, cada casita tiene su propia personalidad. Prana con vistas al riachuelo y Brahma tiene al majestuoso \u00e1rbol junto a la ventana. En ambos escuchas el sonido relajante del agua fluyendo. Ideal para viajeros individuales o una pareja.<\/p>\n\n\n\n<div class=\"wp-block-buttons is-content-justification-center is-layout-flex wp-container-core-buttons-is-layout-16018d1d wp-block-buttons-is-layout-flex\">\n<div class=\"wp-block-button is-style-outline is-style-outline--3\"><a class=\"wp-block-button__link wp-element-button\" href=\"https:\/\/healinequilibrium.com\/es\/brahma-prana-suite\/\">Descubre m\u00e1s<\/a><\/div>\n<\/div>\n<\/div>\n\n\n\n<div class=\"wp-block-column is-vertically-aligned-center is-layout-flow wp-block-column-is-layout-flow\">\n<figure class=\"wp-block-image size-full\"><img data-recalc-dims=\"1\" decoding=\"async\" width=\"640\" height=\"480\" loading=\"lazy\" src=\"https:\/\/i0.wp.com\/healinequilibrium.com\/wp-content\/uploads\/2023\/09\/Brahma2.jpg?resize=640%2C480&#038;ssl=1\" alt=\"\" class=\"wp-image-3250\" srcset=\"https:\/\/i0.wp.com\/healinequilibrium.com\/wp-content\/uploads\/2023\/09\/Brahma2.jpg?w=640&amp;ssl=1 640w, https:\/\/i0.wp.com\/healinequilibrium.com\/wp-content\/uploads\/2023\/09\/Brahma2.jpg?resize=300%2C225&amp;ssl=1 300w, https:\/\/i0.wp.com\/healinequilibrium.com\/wp-content\/uploads\/2023\/09\/Brahma2.jpg?resize=16%2C12&amp;ssl=1 16w\" sizes=\"auto, (max-width: 640px) 100vw, 640px\" \/><\/figure>\n<\/div>\n<\/div>\n\n\n\n<div style=\"height:100px\" aria-hidden=\"true\" class=\"wp-block-spacer\"><\/div>\n\n\n\n<div class=\"wp-block-columns are-vertically-aligned-center is-layout-flex wp-container-core-columns-is-layout-9d6595d7 wp-block-columns-is-layout-flex\">\n<div class=\"wp-block-column is-vertically-aligned-center is-layout-flow wp-block-column-is-layout-flow\">\n<figure class=\"wp-block-image size-large\"><img data-recalc-dims=\"1\" decoding=\"async\" width=\"1024\" height=\"682\" loading=\"lazy\" src=\"https:\/\/i0.wp.com\/healinequilibrium.com\/wp-content\/uploads\/2022\/08\/ahymsa-suite-3.jpg?resize=1024%2C682&#038;ssl=1\" alt=\"ahymsa-suite\" class=\"wp-image-2746\" srcset=\"https:\/\/i0.wp.com\/healinequilibrium.com\/wp-content\/uploads\/2022\/08\/ahymsa-suite-3.jpg?resize=1024%2C682&amp;ssl=1 1024w, https:\/\/i0.wp.com\/healinequilibrium.com\/wp-content\/uploads\/2022\/08\/ahymsa-suite-3.jpg?resize=300%2C200&amp;ssl=1 300w, https:\/\/i0.wp.com\/healinequilibrium.com\/wp-content\/uploads\/2022\/08\/ahymsa-suite-3.jpg?resize=768%2C512&amp;ssl=1 768w, https:\/\/i0.wp.com\/healinequilibrium.com\/wp-content\/uploads\/2022\/08\/ahymsa-suite-3.jpg?resize=1536%2C1024&amp;ssl=1 1536w, https:\/\/i0.wp.com\/healinequilibrium.com\/wp-content\/uploads\/2022\/08\/ahymsa-suite-3.jpg?w=2000&amp;ssl=1 2000w\" sizes=\"auto, (max-width: 1000px) 100vw, 1000px\" \/><\/figure>\n<\/div>\n\n\n\n<div class=\"wp-block-column is-vertically-aligned-center over is-layout-flow wp-block-column-is-layout-flow\">\n<p class=\"sub\">AHYMSA &amp; SADHANA<\/p>\n\n\n\n<p class=\"box\">Un espacioso nido con vistas a la abundante vegetaci\u00f3n de Equilibrium y a la atm\u00f3sfera de las monta\u00f1as de la Sierra Madre. Ideal para una pareja o amigos compartiendo habitaci\u00f3n.<\/p>\n\n\n\n<div class=\"wp-block-buttons is-content-justification-center is-layout-flex wp-container-core-buttons-is-layout-16018d1d wp-block-buttons-is-layout-flex\">\n<div class=\"wp-block-button is-style-outline is-style-outline--4\"><a class=\"wp-block-button__link wp-element-button\" href=\"https:\/\/healinequilibrium.com\/es\/ahymsa-suite\/\">Descubre m\u00e1s<\/a><\/div>\n<\/div>\n<\/div>\n<\/div>\n\n\n\n<div style=\"height:54px\" aria-hidden=\"true\" class=\"wp-block-spacer\"><\/div>\n\n\n\n<div class=\"wp-block-group alignfull\"><div class=\"wp-block-group__inner-container is-layout-flow wp-block-group-is-layout-flow\">\n<div id=\"map\"><iframe src=\"https:\/\/www.google.com\/maps\/embed?pb=!1m18!1m12!1m3!1d16709.52271514185!2d-105.30747628819607!3d20.42983912880057!2m3!1f0!2f0!3f0!3m2!1i1024!2i768!4f13.1!3m3!1m2!1s0x842158b9ab538507%3A0x2ff53c95bba8d35e!2sEquilibrium%20Healing%20Resort%20and%20Spa!5e0!3m2!1ses-419!2smx!4v1658799311435!5m2!1ses-419!2smx\" width=\"100%\" height=\"400\" style=\"border:0;\" margin-top=\"-50px\" allowfullscreen=\"\" loading=\"lazy\" referrerpolicy=\"no-referrer-when-downgrade\"><\/iframe><\/div>\n<\/div><\/div>","protected":false},"excerpt":{"rendered":"<p>DRISHTI &amp; DHARANA The first casitas that inspired the rest. These are truly spacious lodgings with amazing natural light. Their unique architecture makes them one of a kind. They are&hellip;<\/p>","protected":false},"author":2,"featured_media":0,"parent":0,"menu_order":0,"comment_status":"closed","ping_status":"closed","template":"","meta":{"nf_dc_page":"","footnotes":""},"class_list":["post-1626","page","type-page","status-publish","hentry"],"jetpack_sharing_enabled":true,"_links":{"self":[{"href":"https:\/\/healinequilibrium.com\/es\/wp-json\/wp\/v2\/pages\/1626","targetHints":{"allow":["GET"]}}],"collection":[{"href":"https:\/\/healinequilibrium.com\/es\/wp-json\/wp\/v2\/pages"}],"about":[{"href":"https:\/\/healinequilibrium.com\/es\/wp-json\/wp\/v2\/types\/page"}],"author":[{"embeddable":true,"href":"https:\/\/healinequilibrium.com\/es\/wp-json\/wp\/v2\/users\/2"}],"replies":[{"embeddable":true,"href":"https:\/\/healinequilibrium.com\/es\/wp-json\/wp\/v2\/comments?post=1626"}],"version-history":[{"count":5,"href":"https:\/\/healinequilibrium.com\/es\/wp-json\/wp\/v2\/pages\/1626\/revisions"}],"predecessor-version":[{"id":3262,"href":"https:\/\/healinequilibrium.com\/es\/wp-json\/wp\/v2\/pages\/1626\/revisions\/3262"}],"wp:attachment":[{"href":"https:\/\/healinequilibrium.com\/es\/wp-json\/wp\/v2\/media?parent=1626"}],"curies":[{"name":"wp","href":"https:\/\/api.w.org\/{rel}","templated":true}]}}