{"id":2880,"date":"2022-08-11T15:15:25","date_gmt":"2022-08-11T20:15:25","guid":{"rendered":"https:\/\/healinequilibrium.com\/?page_id=2880"},"modified":"2023-03-26T14:42:50","modified_gmt":"2023-03-26T20:42:50","slug":"facilities","status":"publish","type":"page","link":"https:\/\/healinequilibrium.com\/es\/facilities\/","title":{"rendered":"Facilities"},"content":{"rendered":"<div style=\"height:211px\" aria-hidden=\"true\" class=\"wp-block-spacer\"><\/div>\n\n\n\n<div class=\"wp-block-cover\" style=\"min-height:600px;aspect-ratio:unset;\"><span aria-hidden=\"true\" class=\"wp-block-cover__background has-background-dim-10 has-background-dim\"><\/span><img data-recalc-dims=\"1\" decoding=\"async\" width=\"2000\" height=\"1257\" loading=\"lazy\" class=\"wp-block-cover__image-background wp-image-2919\" alt=\"\" src=\"https:\/\/i0.wp.com\/healinequilibrium.com\/wp-content\/uploads\/2022\/08\/spa-healinequilibrium-2.jpg?resize=2000%2C1257&#038;ssl=1\" data-object-fit=\"cover\" srcset=\"https:\/\/i0.wp.com\/healinequilibrium.com\/wp-content\/uploads\/2022\/08\/spa-healinequilibrium-2.jpg?w=2000&amp;ssl=1 2000w, https:\/\/i0.wp.com\/healinequilibrium.com\/wp-content\/uploads\/2022\/08\/spa-healinequilibrium-2.jpg?resize=300%2C189&amp;ssl=1 300w, https:\/\/i0.wp.com\/healinequilibrium.com\/wp-content\/uploads\/2022\/08\/spa-healinequilibrium-2.jpg?resize=1024%2C644&amp;ssl=1 1024w, https:\/\/i0.wp.com\/healinequilibrium.com\/wp-content\/uploads\/2022\/08\/spa-healinequilibrium-2.jpg?resize=768%2C483&amp;ssl=1 768w, https:\/\/i0.wp.com\/healinequilibrium.com\/wp-content\/uploads\/2022\/08\/spa-healinequilibrium-2.jpg?resize=1536%2C965&amp;ssl=1 1536w, https:\/\/i0.wp.com\/healinequilibrium.com\/wp-content\/uploads\/2022\/08\/spa-healinequilibrium-2.jpg?resize=18%2C12&amp;ssl=1 18w\" sizes=\"auto, (max-width: 1000px) 100vw, 1000px\" \/><div class=\"wp-block-cover__inner-container is-layout-flow wp-block-cover-is-layout-flow\">\n<p class=\"sub\">Kriya Spa<\/p>\n<\/div><\/div>\n\n\n\n<p class=\"has-text-align-center\">Itinerarios de sanaci\u00f3n personalizados derivados de la ciencia moderna, la medicina oriental y la sabidur\u00eda ancestral para proporcionar a cada individuo su propia poderosa transformaci\u00f3n.<\/p>\n\n\n\n<div style=\"height:100px\" aria-hidden=\"true\" class=\"wp-block-spacer\"><\/div>\n\n\n\n<div class=\"wp-block-cover\" style=\"min-height:600px;aspect-ratio:unset;\"><span aria-hidden=\"true\" class=\"wp-block-cover__background has-background-dim-10 has-background-dim\"><\/span><img data-recalc-dims=\"1\" decoding=\"async\" width=\"2000\" height=\"1333\" loading=\"lazy\" class=\"wp-block-cover__image-background wp-image-2242\" alt=\"\" src=\"https:\/\/i0.wp.com\/healinequilibrium.com\/wp-content\/uploads\/2022\/07\/DSCF1865.jpg?resize=2000%2C1333&#038;ssl=1\" style=\"object-position:54% 77%\" data-object-fit=\"cover\" data-object-position=\"54% 77%\" srcset=\"https:\/\/i0.wp.com\/healinequilibrium.com\/wp-content\/uploads\/2022\/07\/DSCF1865.jpg?w=2000&amp;ssl=1 2000w, https:\/\/i0.wp.com\/healinequilibrium.com\/wp-content\/uploads\/2022\/07\/DSCF1865.jpg?resize=300%2C200&amp;ssl=1 300w, https:\/\/i0.wp.com\/healinequilibrium.com\/wp-content\/uploads\/2022\/07\/DSCF1865.jpg?resize=1024%2C682&amp;ssl=1 1024w, https:\/\/i0.wp.com\/healinequilibrium.com\/wp-content\/uploads\/2022\/07\/DSCF1865.jpg?resize=768%2C512&amp;ssl=1 768w, https:\/\/i0.wp.com\/healinequilibrium.com\/wp-content\/uploads\/2022\/07\/DSCF1865.jpg?resize=1536%2C1024&amp;ssl=1 1536w\" sizes=\"auto, (max-width: 1000px) 100vw, 1000px\" \/><div class=\"wp-block-cover__inner-container is-layout-flow wp-block-cover-is-layout-flow\">\n<p class=\"sub\">Circulo Restaurant<\/p>\n<\/div><\/div>\n\n\n\n<p class=\"has-text-align-center\">La cocina del Equilibrium, abastecida localmente, tentaliza con sus sabores y recetas \u00fanicas y deliciosas mientras vigoriza con su pureza de hidrataci\u00f3n y nutrici\u00f3n.<\/p>\n\n\n\n<div style=\"height:100px\" aria-hidden=\"true\" class=\"wp-block-spacer\"><\/div>\n\n\n\n<div class=\"wp-block-cover alignwide\" style=\"min-height:600px;aspect-ratio:unset;\"><span aria-hidden=\"true\" class=\"wp-block-cover__background has-background-dim-0 has-background-dim\"><\/span><img data-recalc-dims=\"1\" decoding=\"async\" width=\"1800\" height=\"1350\" loading=\"lazy\" class=\"wp-block-cover__image-background wp-image-2969\" alt=\"\" src=\"https:\/\/i0.wp.com\/healinequilibrium.com\/wp-content\/uploads\/2022\/08\/circulo-healing-resort-puerto-vallarta.jpg?resize=1800%2C1350&#038;ssl=1\" style=\"object-position:51% 27%\" data-object-fit=\"cover\" data-object-position=\"51% 27%\" srcset=\"https:\/\/i0.wp.com\/healinequilibrium.com\/wp-content\/uploads\/2022\/08\/circulo-healing-resort-puerto-vallarta.jpg?w=1800&amp;ssl=1 1800w, https:\/\/i0.wp.com\/healinequilibrium.com\/wp-content\/uploads\/2022\/08\/circulo-healing-resort-puerto-vallarta.jpg?resize=300%2C225&amp;ssl=1 300w, https:\/\/i0.wp.com\/healinequilibrium.com\/wp-content\/uploads\/2022\/08\/circulo-healing-resort-puerto-vallarta.jpg?resize=1024%2C768&amp;ssl=1 1024w, https:\/\/i0.wp.com\/healinequilibrium.com\/wp-content\/uploads\/2022\/08\/circulo-healing-resort-puerto-vallarta.jpg?resize=768%2C576&amp;ssl=1 768w, https:\/\/i0.wp.com\/healinequilibrium.com\/wp-content\/uploads\/2022\/08\/circulo-healing-resort-puerto-vallarta.jpg?resize=1536%2C1152&amp;ssl=1 1536w, https:\/\/i0.wp.com\/healinequilibrium.com\/wp-content\/uploads\/2022\/08\/circulo-healing-resort-puerto-vallarta.jpg?resize=16%2C12&amp;ssl=1 16w\" sizes=\"auto, (max-width: 1000px) 100vw, 1000px\" \/><div class=\"wp-block-cover__inner-container is-layout-flow wp-block-cover-is-layout-flow\">\n<p class=\"sub white\">Gazebo<\/p>\n<\/div><\/div>\n\n\n\n<p class=\"has-text-align-center\">La Corona del Equilibrium flotando en los \u00e1rboles. Este shala es un teatro para la transformaci\u00f3n.<\/p>\n\n\n\n<div style=\"height:100px\" aria-hidden=\"true\" class=\"wp-block-spacer\"><\/div>\n\n\n\n<div class=\"wp-block-cover\" style=\"min-height:600px;aspect-ratio:unset;\"><span aria-hidden=\"true\" class=\"wp-block-cover__background has-background-dim-20 has-background-dim\"><\/span><img data-recalc-dims=\"1\" decoding=\"async\" width=\"1920\" height=\"1280\" loading=\"lazy\" class=\"wp-block-cover__image-background wp-image-2971\" alt=\"\" src=\"https:\/\/i0.wp.com\/healinequilibrium.com\/wp-content\/uploads\/2022\/08\/pool-healing-resort.jpg?resize=1920%2C1280&#038;ssl=1\" data-object-fit=\"cover\" srcset=\"https:\/\/i0.wp.com\/healinequilibrium.com\/wp-content\/uploads\/2022\/08\/pool-healing-resort.jpg?w=1920&amp;ssl=1 1920w, https:\/\/i0.wp.com\/healinequilibrium.com\/wp-content\/uploads\/2022\/08\/pool-healing-resort.jpg?resize=300%2C200&amp;ssl=1 300w, https:\/\/i0.wp.com\/healinequilibrium.com\/wp-content\/uploads\/2022\/08\/pool-healing-resort.jpg?resize=1024%2C683&amp;ssl=1 1024w, https:\/\/i0.wp.com\/healinequilibrium.com\/wp-content\/uploads\/2022\/08\/pool-healing-resort.jpg?resize=768%2C512&amp;ssl=1 768w, https:\/\/i0.wp.com\/healinequilibrium.com\/wp-content\/uploads\/2022\/08\/pool-healing-resort.jpg?resize=1536%2C1024&amp;ssl=1 1536w, https:\/\/i0.wp.com\/healinequilibrium.com\/wp-content\/uploads\/2022\/08\/pool-healing-resort.jpg?resize=18%2C12&amp;ssl=1 18w\" sizes=\"auto, (max-width: 1000px) 100vw, 1000px\" \/><div class=\"wp-block-cover__inner-container is-layout-flow wp-block-cover-is-layout-flow\">\n<p><\/p>\n\n\n\n<p class=\"sub\">AQUA<\/p>\n<\/div><\/div>\n\n\n\n<p class=\"has-text-align-center\">Estas aguas ricas en minerales son alimentadas por manantiales y tambi\u00e9n infundidas con ozono y sal. La hidroterapia fr\u00eda y caliente reducir\u00e1 el dolor y la inflamaci\u00f3n y promover\u00e1 un flujo sangu\u00edneo positivo y una relajaci\u00f3n muscular profunda.<\/p>\n\n\n\n<div style=\"height:100px\" aria-hidden=\"true\" class=\"wp-block-spacer\"><\/div>","protected":false},"excerpt":{"rendered":"<p>Personalized healing itineraries derived from modern science, eastern medicine, and ancestral wisdom to provide each individual with their own powerful transformation. Equilibrium&#8217;s cuisine, sourced locally, tantalizes with its tastes while&hellip;<\/p>","protected":false},"author":2,"featured_media":0,"parent":0,"menu_order":0,"comment_status":"closed","ping_status":"closed","template":"","meta":{"nf_dc_page":"","footnotes":""},"class_list":["post-2880","page","type-page","status-publish","hentry"],"jetpack_sharing_enabled":true,"_links":{"self":[{"href":"https:\/\/healinequilibrium.com\/es\/wp-json\/wp\/v2\/pages\/2880","targetHints":{"allow":["GET"]}}],"collection":[{"href":"https:\/\/healinequilibrium.com\/es\/wp-json\/wp\/v2\/pages"}],"about":[{"href":"https:\/\/healinequilibrium.com\/es\/wp-json\/wp\/v2\/types\/page"}],"author":[{"embeddable":true,"href":"https:\/\/healinequilibrium.com\/es\/wp-json\/wp\/v2\/users\/2"}],"replies":[{"embeddable":true,"href":"https:\/\/healinequilibrium.com\/es\/wp-json\/wp\/v2\/comments?post=2880"}],"version-history":[{"count":5,"href":"https:\/\/healinequilibrium.com\/es\/wp-json\/wp\/v2\/pages\/2880\/revisions"}],"predecessor-version":[{"id":3031,"href":"https:\/\/healinequilibrium.com\/es\/wp-json\/wp\/v2\/pages\/2880\/revisions\/3031"}],"wp:attachment":[{"href":"https:\/\/healinequilibrium.com\/es\/wp-json\/wp\/v2\/media?parent=2880"}],"curies":[{"name":"wp","href":"https:\/\/api.w.org\/{rel}","templated":true}]}}